{"id":7086,"date":"2024-06-27T18:06:48","date_gmt":"2024-06-27T23:06:48","guid":{"rendered":"https:\/\/www.centralenlanube.com\/cloudpbx\/?page_id=7086"},"modified":"2024-07-18T18:49:43","modified_gmt":"2024-07-18T23:49:43","slug":"lleva-tus-estrategias-de-marketing-al-siguiente-nivel-con-el-mail-center-de-cloud-pbx","status":"publish","type":"page","link":"https:\/\/www.centralenlanube.com\/cloudpbx\/lleva-tus-estrategias-de-marketing-al-siguiente-nivel-con-el-mail-center-de-cloud-pbx\/","title":{"rendered":"Mail Center Cloud PBX"},"content":{"rendered":"\n<h2 class=\"wp-block-heading has-large-font-size\">Lleva tus Estrategias de Marketing al Siguiente Nivel con Mail Center de Cloud PBX<\/h2>\n\n\n\n<p class=\"has-medium-font-size\">Nuestro Cloud Mail Center es la manera perfecta de potenciar tu empresa. Podr\u00e1s crear comunicaciones atractivas y precisas, adem\u00e1s podr\u00e1s automatizar los procesos y medir los resultados con facilidad. El Mail Center de Cloud PBX, pone a tu alcance una amplia gama de potentes funciones que te ayudar\u00e1n para que tus campa\u00f1as de Marketing sean m\u00e1s exitosas.<\/p>\n\n\n\n<div class=\"wp-block-columns is-layout-flex wp-container-core-columns-is-layout-9d6595d7 wp-block-columns-is-layout-flex\">\n<div class=\"wp-block-column is-layout-flow wp-block-column-is-layout-flow\" style=\"flex-basis:33.33%\">\n<figure class=\"wp-block-image size-full\"><img fetchpriority=\"high\" decoding=\"async\" width=\"350\" height=\"300\" src=\"https:\/\/www.centralenlanube.com\/cloudpbx\/wp-content\/uploads\/2024\/07\/CREADOR-DE-CAMPANAS-EMAIL.png\" alt=\"\" class=\"wp-image-7096\" srcset=\"https:\/\/www.centralenlanube.com\/cloudpbx\/wp-content\/uploads\/2024\/07\/CREADOR-DE-CAMPANAS-EMAIL.png 350w, https:\/\/www.centralenlanube.com\/cloudpbx\/wp-content\/uploads\/2024\/07\/CREADOR-DE-CAMPANAS-EMAIL-300x257.png 300w\" sizes=\"(max-width: 350px) 100vw, 350px\" \/><\/figure>\n<\/div>\n\n\n\n<div class=\"wp-block-column is-layout-flow wp-block-column-is-layout-flow\" style=\"flex-basis:66.66%\">\n<br><br><p class=\"has-medium-font-size\"><strong>Creador de Campa\u00f1as:<\/strong> Permite redactar correos electr\u00f3nicos que obtengan excelentes resultados con el editor intuitivo de arrastrar y soltar.\u00a0Tambi\u00e9n crea formularios de registro para capturar la informaci\u00f3n donde la necesites, manteniendo una base de datos consolidada. Adem\u00e1s, te permite enviar campa\u00f1as de correo electr\u00f3nico r\u00e1pidamente, dejando que la IA (Inteligencia Artificial) genere el contenido que requieras.<\/p>\n<\/div>\n<\/div>\n\n\n\n<div class=\"wp-block-columns is-layout-flex wp-container-core-columns-is-layout-9d6595d7 wp-block-columns-is-layout-flex\">\n<div class=\"wp-block-column is-layout-flow wp-block-column-is-layout-flow\" style=\"flex-basis:33.33%\">\n<figure class=\"wp-block-image size-full\"><img decoding=\"async\" width=\"350\" height=\"300\" src=\"https:\/\/www.centralenlanube.com\/cloudpbx\/wp-content\/uploads\/2024\/07\/Automatizador-de-campanas.png\" alt=\"\" class=\"wp-image-7097\" srcset=\"https:\/\/www.centralenlanube.com\/cloudpbx\/wp-content\/uploads\/2024\/07\/Automatizador-de-campanas.png 350w, https:\/\/www.centralenlanube.com\/cloudpbx\/wp-content\/uploads\/2024\/07\/Automatizador-de-campanas-300x257.png 300w\" sizes=\"(max-width: 350px) 100vw, 350px\" \/><\/figure>\n<\/div>\n\n\n\n<div class=\"wp-block-column is-layout-flow wp-block-column-is-layout-flow\" style=\"flex-basis:66.66%\">\n<br><br><br><p class=\"has-medium-font-size\"><strong>Automatizaciones de Marketing:<\/strong> Logra m\u00e1s con una gama de automatizaciones f\u00e1ciles de usar. Puedes realizar la planificaci\u00f3n de env\u00edo de mensajes por correo electr\u00f3nico en el momento perfecto de una campa\u00f1a, para mantener a tus contactos interesados, o en el momento que lo requieras.<\/p>\n<\/div>\n<\/div>\n\n\n\n<div class=\"wp-block-columns is-layout-flex wp-container-core-columns-is-layout-9d6595d7 wp-block-columns-is-layout-flex\">\n<div class=\"wp-block-column is-layout-flow wp-block-column-is-layout-flow\" style=\"flex-basis:33.33%\">\n<figure class=\"wp-block-image size-full\"><img decoding=\"async\" width=\"350\" height=\"300\" src=\"https:\/\/www.centralenlanube.com\/cloudpbx\/wp-content\/uploads\/2024\/07\/metricas.jpg\" alt=\"\" class=\"wp-image-7098\" srcset=\"https:\/\/www.centralenlanube.com\/cloudpbx\/wp-content\/uploads\/2024\/07\/metricas.jpg 350w, https:\/\/www.centralenlanube.com\/cloudpbx\/wp-content\/uploads\/2024\/07\/metricas-300x257.jpg 300w\" sizes=\"(max-width: 350px) 100vw, 350px\" \/><\/figure>\n<\/div>\n\n\n\n<div class=\"wp-block-column is-layout-flow wp-block-column-is-layout-flow\" style=\"flex-basis:66.66%\">\n<br><br><br><p class=\"has-medium-font-size\"><strong>An\u00e1lisis Avanzado:<\/strong> La herramienta de anal\u00edtica permite entender c\u00f3mo los contactos interact\u00faan con las comunicaciones realizadas, para de esta manera realizar acciones de mejora continua. Tambi\u00e9n te permitir\u00e1 analizar y dar seguimiento del sitio web revisando ad\u00f3nde van los visitantes y qu\u00e9 hacen en tu sitio web.<\/p>\n<\/div>\n<\/div>\n\n\n\n<p class=\"has-medium-font-size\">.<\/p>\n\n\n\n<p><\/p>\n\n\n\n<figure class=\"wp-block-embed is-type-video is-provider-youtube wp-block-embed-youtube wp-embed-aspect-16-9 wp-has-aspect-ratio\"><div class=\"wp-block-embed__wrapper\">\n<iframe title=\"Cloud Mail Center\" width=\"1120\" height=\"630\" src=\"https:\/\/www.youtube.com\/embed\/XwIgc8PySZM?feature=oembed\" frameborder=\"0\" allow=\"accelerometer; autoplay; clipboard-write; encrypted-media; gyroscope; picture-in-picture; web-share\" referrerpolicy=\"strict-origin-when-cross-origin\" allowfullscreen><\/iframe>\n<\/div><\/figure>\n\n\n\n<p>.<\/p>\n\n\n\n<p class=\"has-medium-font-size\"><strong>Si tienes cualquier pregunta contacta con nosotros y te ayudaremos a resolverla.<\/strong><\/p>\n","protected":false},"excerpt":{"rendered":"<p>Lleva tus Estrategias de Marketing al Siguiente Nivel con Mail Center de Cloud PBX Nuestro Cloud Mail Center es la manera perfecta de potenciar tu empresa. Podr\u00e1s crear comunicaciones atractivas y precisas, adem\u00e1s podr\u00e1s automatizar los procesos y medir los resultados con facilidad. El Mail Center de Cloud PBX, pone [&hellip;]<\/p>\n","protected":false},"author":1,"featured_media":7313,"parent":0,"menu_order":0,"comment_status":"closed","ping_status":"closed","template":"","meta":{"footnotes":""},"class_list":["post-7086","page","type-page","status-publish","has-post-thumbnail","hentry"],"_links":{"self":[{"href":"https:\/\/www.centralenlanube.com\/cloudpbx\/wp-json\/wp\/v2\/pages\/7086","targetHints":{"allow":["GET"]}}],"collection":[{"href":"https:\/\/www.centralenlanube.com\/cloudpbx\/wp-json\/wp\/v2\/pages"}],"about":[{"href":"https:\/\/www.centralenlanube.com\/cloudpbx\/wp-json\/wp\/v2\/types\/page"}],"author":[{"embeddable":true,"href":"https:\/\/www.centralenlanube.com\/cloudpbx\/wp-json\/wp\/v2\/users\/1"}],"replies":[{"embeddable":true,"href":"https:\/\/www.centralenlanube.com\/cloudpbx\/wp-json\/wp\/v2\/comments?post=7086"}],"version-history":[{"count":20,"href":"https:\/\/www.centralenlanube.com\/cloudpbx\/wp-json\/wp\/v2\/pages\/7086\/revisions"}],"predecessor-version":[{"id":7317,"href":"https:\/\/www.centralenlanube.com\/cloudpbx\/wp-json\/wp\/v2\/pages\/7086\/revisions\/7317"}],"wp:featuredmedia":[{"embeddable":true,"href":"https:\/\/www.centralenlanube.com\/cloudpbx\/wp-json\/wp\/v2\/media\/7313"}],"wp:attachment":[{"href":"https:\/\/www.centralenlanube.com\/cloudpbx\/wp-json\/wp\/v2\/media?parent=7086"}],"curies":[{"name":"wp","href":"https:\/\/api.w.org\/{rel}","templated":true}]}}