{"id":6875,"date":"2024-06-17T17:10:40","date_gmt":"2024-06-17T22:10:40","guid":{"rendered":"https:\/\/www.centralenlanube.com\/cloudpbx\/?page_id=6875"},"modified":"2024-07-18T18:47:52","modified_gmt":"2024-07-18T23:47:52","slug":"cloud-pbx-central-telefonica-en-la-nube","status":"publish","type":"page","link":"https:\/\/www.centralenlanube.com\/cloudpbx\/cloud-pbx-central-telefonica-en-la-nube\/","title":{"rendered":"Cloud PBX Tu Central Telef\u00f3nica en la Nube"},"content":{"rendered":"\n<h2 class=\"wp-block-heading has-large-font-size\">Cloud PBX Tu Central Telef\u00f3nica en la Nube<\/h2>\n\n\n\n<p class=\"has-medium-font-size\">Cloud PBX es una avanzada soluci\u00f3n de telefon\u00eda IP que centraliza todas las comunicaciones de tu empresa. Puedes conectarte a trav\u00e9s de cualquier dispositivo y desde cualquier lugar, a los servicios de la central telef\u00f3nica, ofreciendo una gesti\u00f3n eficiente he ideal para optimizar la comunicaci\u00f3n empresarial volvi\u00e9ndola flexible y \u00e1gil.<\/p>\n\n\n\n<p class=\"has-medium-font-size\">Cloud PBX es una Central Telef\u00f3nica en Internet que reemplaza a tu PBX tradicional y se adapta a tus necesidades actuales. <strong>Mediante estrategias de Cloud Computing y Comunicaciones Unificadas<\/strong> te ofrecemos una soluci\u00f3n de telecomunicaciones para mejorar las relaciones con tus clientes; as\u00ed nunca perder\u00e1s una venta.<\/p>\n\n\n\n<p class=\"has-medium-font-size\">Nuestro sistema de comunicaci\u00f3n en la Nube Cloud PBX es de r\u00e1pida implementaci\u00f3n, puedes tenerla funcionando en pocos d\u00edas, sin la necesidad de que adquirir ning\u00fan hardware costoso y complicado de instalar. Con nuestra licencia <strong>Full Colaboraci\u00f3n<\/strong>, no requieres \u201cClientes Softphones\u201d por lo que tus costos de administraci\u00f3n se reducen significativamente.<\/p>\n\n\n\n<p>.<\/p>\n\n\n\n<p><\/p>\n\n\n\n<h1 class=\"wp-block-heading\">\u00bfPor qu\u00e9 una Central Telef\u00f3nica en la Nube?<\/h1>\n\n\n\n<p class=\"has-medium-font-size\">Con Cloud PBX aseguras que tu compa\u00f1\u00eda no este limitada por antiguos sistemas telef\u00f3nicos que no se adaptan a tu crecimiento y equipos que se vuelven obsoletos. Cloud PBX elimina el riesgo de tener que migrar completamente de una plataforma a otra, sin perder tiempo y recursos. Con Cloud PBX puedes <strong>aumentar o disminuir el n\u00famero de extensiones \/ internos \/ anexos<\/strong>, sin problemas y sin afectar la experiencia de tus clientes.<\/p>\n\n\n\n<p>.<\/p>\n\n\n\n<p><\/p>\n\n\n\n<figure class=\"wp-block-embed is-type-video is-provider-youtube wp-block-embed-youtube wp-embed-aspect-16-9 wp-has-aspect-ratio\"><div class=\"wp-block-embed__wrapper\">\n<iframe title=\"HiperMe | Usos B\u00e1sicos\" width=\"1120\" height=\"630\" src=\"https:\/\/www.youtube.com\/embed\/BPbuBIOWzGE?start=149&#038;feature=oembed\" frameborder=\"0\" allow=\"accelerometer; autoplay; clipboard-write; encrypted-media; gyroscope; picture-in-picture; web-share\" referrerpolicy=\"strict-origin-when-cross-origin\" allowfullscreen><\/iframe>\n<\/div><\/figure>\n\n\n\n<p>.<\/p>\n\n\n\n<p><\/p>\n\n\n\n<h2 class=\"wp-block-heading has-large-font-size\">Caracter\u00edsticas de Cloud PBX<\/h2>\n\n\n\n<p><\/p>\n\n\n\n<p class=\"has-medium-font-size\">Te presentamos algunas caracter\u00edsticas importantes que ofrece <strong>la Central Telef\u00f3nica de Cloud PBX<\/strong>, que seguramente se adaptan a tus necesidades.<\/p>\n\n\n\n<ul class=\"wp-block-list\">\n<li class=\"has-medium-font-size\">Llamadas entrantes y salientes<\/li>\n\n\n\n<li class=\"has-medium-font-size\">Funcionalidades de Caller ID, Call Waiting y Call Screening<\/li>\n\n\n\n<li class=\"has-medium-font-size\">Mensajer\u00eda de voz<\/li>\n\n\n\n<li class=\"has-medium-font-size\">Redirecci\u00f3n de llamadas<\/li>\n\n\n\n<li class=\"has-medium-font-size\">Preatendedor personalizado<\/li>\n\n\n\n<li class=\"has-medium-font-size\">Campa\u00f1as salientes<\/li>\n\n\n\n<li class=\"has-medium-font-size\">Soporte de IVR m\u00faltiple sin l\u00edmites<\/li>\n\n\n\n<li class=\"has-medium-font-size\">Grabaci\u00f3n de llamada<\/li>\n<\/ul>\n\n\n\n<p class=\"has-medium-font-size\"><strong>Si quieres obtener m\u00e1s informaci\u00f3n sobre nuestra soluci\u00f3n, cont\u00e1ctanos y resolveremos todas tus dudas.<\/strong><\/p>\n","protected":false},"excerpt":{"rendered":"<p>Cloud PBX Tu Central Telef\u00f3nica en la Nube Cloud PBX es una avanzada soluci\u00f3n de telefon\u00eda IP que centraliza todas las comunicaciones de tu empresa. Puedes conectarte a trav\u00e9s de cualquier dispositivo y desde cualquier lugar, a los servicios de la central telef\u00f3nica, ofreciendo una gesti\u00f3n eficiente he ideal para [&hellip;]<\/p>\n","protected":false},"author":1,"featured_media":6866,"parent":0,"menu_order":1,"comment_status":"closed","ping_status":"closed","template":"","meta":{"footnotes":""},"class_list":["post-6875","page","type-page","status-publish","has-post-thumbnail","hentry"],"_links":{"self":[{"href":"https:\/\/www.centralenlanube.com\/cloudpbx\/wp-json\/wp\/v2\/pages\/6875","targetHints":{"allow":["GET"]}}],"collection":[{"href":"https:\/\/www.centralenlanube.com\/cloudpbx\/wp-json\/wp\/v2\/pages"}],"about":[{"href":"https:\/\/www.centralenlanube.com\/cloudpbx\/wp-json\/wp\/v2\/types\/page"}],"author":[{"embeddable":true,"href":"https:\/\/www.centralenlanube.com\/cloudpbx\/wp-json\/wp\/v2\/users\/1"}],"replies":[{"embeddable":true,"href":"https:\/\/www.centralenlanube.com\/cloudpbx\/wp-json\/wp\/v2\/comments?post=6875"}],"version-history":[{"count":35,"href":"https:\/\/www.centralenlanube.com\/cloudpbx\/wp-json\/wp\/v2\/pages\/6875\/revisions"}],"predecessor-version":[{"id":7315,"href":"https:\/\/www.centralenlanube.com\/cloudpbx\/wp-json\/wp\/v2\/pages\/6875\/revisions\/7315"}],"wp:featuredmedia":[{"embeddable":true,"href":"https:\/\/www.centralenlanube.com\/cloudpbx\/wp-json\/wp\/v2\/media\/6866"}],"wp:attachment":[{"href":"https:\/\/www.centralenlanube.com\/cloudpbx\/wp-json\/wp\/v2\/media?parent=6875"}],"curies":[{"name":"wp","href":"https:\/\/api.w.org\/{rel}","templated":true}]}}