{"id":6746,"date":"2024-06-03T20:08:55","date_gmt":"2024-06-04T01:08:55","guid":{"rendered":"https:\/\/www.centralenlanube.com\/cloudpbx\/?page_id=6746"},"modified":"2024-07-18T18:50:45","modified_gmt":"2024-07-18T23:50:45","slug":"campanas-de-whatsapp-con-cloud-pbx","status":"publish","type":"page","link":"https:\/\/www.centralenlanube.com\/cloudpbx\/campanas-de-whatsapp-con-cloud-pbx\/","title":{"rendered":"Campa\u00f1as de WhatsApp con Cloud PBX"},"content":{"rendered":"\n<h2 class=\"wp-block-heading has-text-align-left has-large-font-size\">Campa\u00f1as de WhatsApp como Herramienta de Marketing y Comunicaci\u00f3n para las Empresas.<\/h2>\n\n\n\n<p><\/p>\n\n\n\n<p class=\"has-medium-font-size\">Hoy en d\u00eda los clientes buscan&nbsp;mayor comodidad y rapidez&nbsp;a la hora de realizar sus compras o resolver problemas a posteriori. Es por ello que ofrecer un servicio de atenci\u00f3n al cliente en su canal preferido con Campa\u00f1as de WhatsApp, fortalece la relaci\u00f3n marca-cliente&nbsp;y aumenta la probabilidad de retenci\u00f3n y recomendaci\u00f3n, elementos determinantes en el competitivo mundo del marketing.<\/p>\n\n\n\n<p><\/p>\n\n\n\n<p class=\"has-medium-font-size\"><strong>Las Campa\u00f1as de WhatsApp<\/strong> <strong>con Cloud PBX<\/strong> son esenciales para las marcas, ya que tienen una tasa de apertura del 80%. Las conexiones por <strong>WhatsApp Bussines<\/strong> pueden ser iniciadas tanto por los usuarios como por las empresas.                                                                                    Esta interacci\u00f3n facilita una comunicaci\u00f3n directa, personalizada y \u00e1gil con los clientes, generando fidelidad y mejorando la experiencia del usuario. Adem\u00e1s te ayuda a impulsar conversiones y a construir relaciones con los clientes.<\/p>\n\n\n\n<p class=\"has-medium-font-size\">WhatsApp es el aliado perfecto para empresas con estrategias omnicanal ya que permite integrarlo con tu <strong>CRM\u00a0o base de datos<\/strong>. Esto te facilita lanzar r\u00e1pidamente campa\u00f1as personalizadas, con informaci\u00f3n exclusiva de cada cliente como su nombre, ciudad, talla de ropa o calzado, modelo de coche o matr\u00edcula, etc.<\/p>\n\n\n\n<p>.<\/p>\n\n\n\n<p><\/p>\n\n\n\n<figure class=\"wp-block-embed is-type-video is-provider-youtube wp-block-embed-youtube wp-embed-aspect-16-9 wp-has-aspect-ratio\"><div class=\"wp-block-embed__wrapper\">\n<iframe title=\"Chatbot de Inteligencia Artificial para WhatsApp | HiperMe!\" width=\"1120\" height=\"630\" src=\"https:\/\/www.youtube.com\/embed\/o7BG-S7WXN0?feature=oembed\" frameborder=\"0\" allow=\"accelerometer; autoplay; clipboard-write; encrypted-media; gyroscope; picture-in-picture; web-share\" referrerpolicy=\"strict-origin-when-cross-origin\" allowfullscreen><\/iframe>\n<\/div><\/figure>\n\n\n\n<p>.<\/p>\n\n\n\n<h2 class=\"wp-block-heading has-large-font-size\">Impacta cada Etapa del Customer Journey<\/h2>\n\n\n\n<p><\/p>\n\n\n\n<p class=\"has-medium-font-size\">Al ser WhatsApp un canal de relaci\u00f3n directa crea un di\u00e1logo personal e individualizado entre el cliente y la marca. Es por eso que Cloud PBX ha identificado c\u00f3mo las empresas utilizan el canal para mantener el engagement y la fidelizaci\u00f3n, ofreciendo experiencias interactivas cada vez m\u00e1s elaboradas en WhatsApp.<\/p>\n\n\n\n<p class=\"has-medium-font-size\">A continuaci\u00f3n, te mostramos algunos de los beneficios que puedes obtener:<\/p>\n\n\n\n<div class=\"wp-block-columns is-layout-flex wp-container-core-columns-is-layout-9d6595d7 wp-block-columns-is-layout-flex\">\n<div class=\"wp-block-column is-layout-flow wp-block-column-is-layout-flow\" style=\"flex-basis:33.33%\"><div class=\"wp-block-image\">\n<figure class=\"aligncenter size-full\"><img fetchpriority=\"high\" decoding=\"async\" width=\"250\" height=\"200\" src=\"https:\/\/www.centralenlanube.com\/cloudpbx\/wp-content\/uploads\/2024\/06\/Atencion-al-cliente-Whatsapp.png\" alt=\"\" class=\"wp-image-6765\"\/><\/figure>\n<\/div><\/div>\n\n\n\n<div class=\"wp-block-column is-layout-flow wp-block-column-is-layout-flow\" style=\"flex-basis:66.66%\">\n<br><p class=\"has-medium-font-size\"><strong>Atenci\u00f3n al Cliente:<\/strong>  Automatiza tus conversaciones de atenci\u00f3n al cliente. Agiliza la resoluci\u00f3n de problemas o dudas. Tus clientes tienen mayor contactabilidad con tu negocio. Permite el env\u00edo de reservas, actualizaciones de env\u00edo, estados de cuenta, entre otros.<\/p>\n<\/div>\n<\/div>\n\n\n\n<p><\/p>\n\n\n\n<div class=\"wp-block-columns is-layout-flex wp-container-core-columns-is-layout-9d6595d7 wp-block-columns-is-layout-flex\">\n<div class=\"wp-block-column is-layout-flow wp-block-column-is-layout-flow\" style=\"flex-basis:33.33%\"><div class=\"wp-block-image\">\n<figure class=\"aligncenter size-full\"><img decoding=\"async\" width=\"250\" height=\"200\" src=\"https:\/\/www.centralenlanube.com\/cloudpbx\/wp-content\/uploads\/2024\/06\/whatsapp-marketing.jpg\" alt=\"\" class=\"wp-image-6766\"\/><\/figure>\n<\/div><\/div>\n\n\n\n<div class=\"wp-block-column is-layout-flow wp-block-column-is-layout-flow\" style=\"flex-basis:66.66%\">\n<br><p class=\"has-medium-font-size\"><strong>Marketing:<\/strong> Puedes realizar varios tipos de campa\u00f1as, como por ejemplo, enviar notificaciones proactivas, promociones, alertas, cat\u00e1logos de productos, fotos, videos, etc. Adem\u00e1s, puedes crear campa\u00f1as de remarketing.<\/p>\n<\/div>\n<\/div>\n\n\n\n<p><\/p>\n\n\n\n<div class=\"wp-block-columns is-layout-flex wp-container-core-columns-is-layout-9d6595d7 wp-block-columns-is-layout-flex\">\n<div class=\"wp-block-column is-layout-flow wp-block-column-is-layout-flow\" style=\"flex-basis:33.33%\"><div class=\"wp-block-image\">\n<figure class=\"aligncenter size-full\"><img decoding=\"async\" width=\"250\" height=\"200\" src=\"https:\/\/www.centralenlanube.com\/cloudpbx\/wp-content\/uploads\/2024\/06\/Generacion-de-Leads-Whatsapp.png\" alt=\"\" class=\"wp-image-6767\"\/><\/figure>\n<\/div><\/div>\n\n\n\n<div class=\"wp-block-column is-layout-flow wp-block-column-is-layout-flow\" style=\"flex-basis:66.66%\">\n<br><p class=\"has-medium-font-size\"><strong>Generaci\u00f3n de Leads:<\/strong> Establece puntos de entrada simples e intuitivos en tu p\u00e1gina Web, perfiles en redes sociales y anuncios de pago. Integra tus anuncios de Instagram y Facebook con WhatsApp para obtener una mayor contactabilidad, interacci\u00f3n y conversi\u00f3n.<\/p>\n<\/div>\n<\/div>\n\n\n\n<p>.<\/p>\n\n\n\n<p class=\"has-medium-font-size\">Con todas estas ventajas puedes hacer que tu empresa siga creciendo y alcanzando sus objetivos.<\/p>\n\n\n\n<p class=\"has-medium-font-size\"><strong>\u00a1Que esperas! Pregunta por nuestras soluciones y te brindaremos toda la informaci\u00f3n que necesitas.<\/strong><\/p>\n","protected":false},"excerpt":{"rendered":"<p>Campa\u00f1as de WhatsApp como Herramienta de Marketing y Comunicaci\u00f3n para las Empresas. Hoy en d\u00eda los clientes buscan&nbsp;mayor comodidad y rapidez&nbsp;a la hora de realizar sus compras o resolver problemas a posteriori. Es por ello que ofrecer un servicio de atenci\u00f3n al cliente en su canal preferido con Campa\u00f1as de [&hellip;]<\/p>\n","protected":false},"author":1,"featured_media":7306,"parent":0,"menu_order":0,"comment_status":"closed","ping_status":"closed","template":"","meta":{"footnotes":""},"class_list":["post-6746","page","type-page","status-publish","has-post-thumbnail","hentry"],"_links":{"self":[{"href":"https:\/\/www.centralenlanube.com\/cloudpbx\/wp-json\/wp\/v2\/pages\/6746","targetHints":{"allow":["GET"]}}],"collection":[{"href":"https:\/\/www.centralenlanube.com\/cloudpbx\/wp-json\/wp\/v2\/pages"}],"about":[{"href":"https:\/\/www.centralenlanube.com\/cloudpbx\/wp-json\/wp\/v2\/types\/page"}],"author":[{"embeddable":true,"href":"https:\/\/www.centralenlanube.com\/cloudpbx\/wp-json\/wp\/v2\/users\/1"}],"replies":[{"embeddable":true,"href":"https:\/\/www.centralenlanube.com\/cloudpbx\/wp-json\/wp\/v2\/comments?post=6746"}],"version-history":[{"count":49,"href":"https:\/\/www.centralenlanube.com\/cloudpbx\/wp-json\/wp\/v2\/pages\/6746\/revisions"}],"predecessor-version":[{"id":7318,"href":"https:\/\/www.centralenlanube.com\/cloudpbx\/wp-json\/wp\/v2\/pages\/6746\/revisions\/7318"}],"wp:featuredmedia":[{"embeddable":true,"href":"https:\/\/www.centralenlanube.com\/cloudpbx\/wp-json\/wp\/v2\/media\/7306"}],"wp:attachment":[{"href":"https:\/\/www.centralenlanube.com\/cloudpbx\/wp-json\/wp\/v2\/media?parent=6746"}],"curies":[{"name":"wp","href":"https:\/\/api.w.org\/{rel}","templated":true}]}}