{"id":6503,"date":"2024-04-16T12:43:49","date_gmt":"2024-04-16T17:43:49","guid":{"rendered":"https:\/\/www.centralenlanube.com\/cloudpbx\/?page_id=6503"},"modified":"2026-03-04T17:09:40","modified_gmt":"2026-03-04T22:09:40","slug":"cloud-pbx-tu-contact-center-en-la-nube","status":"publish","type":"page","link":"https:\/\/www.centralenlanube.com\/cloudpbx\/lleva-tus-estrategias-de-marketing-al-siguiente-nivel-con-el-mail-center-de-cloud-pbx\/cloud-pbx-tu-contact-center-en-la-nube\/","title":{"rendered":"Tu Contact Center en la Nube"},"content":{"rendered":"\n<p><\/p>\n\n\n\n<h2 class=\"wp-block-heading has-large-font-size\">Optimizando la Experiencia al Cliente<\/h2>\n\n\n\n<p class=\"has-medium-font-size\">Hoy en d\u00eda la experiencia del cliente es fundamental para el \u00e9xito empresarial, el contacto directo con los clientes se ha convertido en una prioridad para las organizaciones. Es por eso que Cloud PBX ofrece una <strong>Soluci\u00f3n de Contact Center en la Nube<\/strong>, que permite conectar a las empresas con sus clientes, de una manera eficiente, con todos los beneficios de la Omnicanalidad.<\/p>\n\n\n\n<p class=\"has-medium-font-size\"><strong> \u00a1Cloud PBX, ha venido a transformar la manera en que las empresas interact\u00faan con sus clientes, para aprovechar al m\u00e1ximo sus beneficios<\/strong>!<\/p>\n\n\n\n<p class=\"has-medium-font-size\">Nuestra plataforma de comunicaciones, permite gestionar todas las interacciones con los clientes, como: Enrutamiento de Llamadas, Chat en L\u00ednea, Buz\u00f3n de Voz, Colas de Atenci\u00f3n, entre otros.<\/p>\n\n\n\n<p>.<\/p>\n\n\n\n<h2 class=\"wp-block-heading has-large-font-size\">Ventajas del Contact Center Cloud PBX<\/h2>\n\n\n\n<p><\/p>\n\n\n\n<p><\/p>\n\n\n\n<div class=\"wp-block-columns is-layout-flex wp-container-core-columns-is-layout-9d6595d7 wp-block-columns-is-layout-flex\">\n<div class=\"wp-block-column is-layout-flow wp-block-column-is-layout-flow\" style=\"flex-basis:33.33%\"><div class=\"wp-block-image\">\n<figure class=\"aligncenter size-full is-resized\"><img fetchpriority=\"high\" decoding=\"async\" width=\"850\" height=\"567\" src=\"https:\/\/www.centralenlanube.com\/cloudpbx\/wp-content\/uploads\/2024\/04\/subir-cloud-computing.jpg\" alt=\"Central Telef\u00f3nica en la Nube Cloud PBX\" class=\"wp-image-6529\" style=\"width:274px;height:auto\" srcset=\"https:\/\/www.centralenlanube.com\/cloudpbx\/wp-content\/uploads\/2024\/04\/subir-cloud-computing.jpg 850w, https:\/\/www.centralenlanube.com\/cloudpbx\/wp-content\/uploads\/2024\/04\/subir-cloud-computing-300x200.jpg 300w, https:\/\/www.centralenlanube.com\/cloudpbx\/wp-content\/uploads\/2024\/04\/subir-cloud-computing-768x512.jpg 768w\" sizes=\"(max-width: 850px) 100vw, 850px\" \/><\/figure>\n<\/div><\/div>\n\n\n\n<div class=\"wp-block-column is-vertically-aligned-center is-layout-flow wp-block-column-is-layout-flow\" style=\"flex-basis:66.66%\">\n<p class=\"has-medium-font-size\"><strong>Flexibilidad y Escalabilidad<\/strong> para aumentar o disminuir los canales de atenci\u00f3n de acuerdo a tus necesidades. Cuenta con opciones como: grabadora de llamadas y enrutamiento inteligente para optimizar los recursos, mejorando el tiempo de espera de los clientes.<\/p>\n<\/div>\n<\/div>\n\n\n\n<p><\/p>\n\n\n\n<p><\/p>\n\n\n\n<div class=\"wp-block-columns is-layout-flex wp-container-core-columns-is-layout-9d6595d7 wp-block-columns-is-layout-flex\">\n<div class=\"wp-block-column is-layout-flow wp-block-column-is-layout-flow\" style=\"flex-basis:33.33%\"><div class=\"wp-block-image\">\n<figure class=\"aligncenter size-full is-resized\"><img decoding=\"async\" width=\"800\" height=\"457\" src=\"https:\/\/www.centralenlanube.com\/cloudpbx\/wp-content\/uploads\/2024\/05\/Acceso-remoto-1.jpg\" alt=\"\" class=\"wp-image-6719\" style=\"width:282px;height:auto\" srcset=\"https:\/\/www.centralenlanube.com\/cloudpbx\/wp-content\/uploads\/2024\/05\/Acceso-remoto-1.jpg 800w, https:\/\/www.centralenlanube.com\/cloudpbx\/wp-content\/uploads\/2024\/05\/Acceso-remoto-1-300x171.jpg 300w, https:\/\/www.centralenlanube.com\/cloudpbx\/wp-content\/uploads\/2024\/05\/Acceso-remoto-1-768x439.jpg 768w\" sizes=\"(max-width: 800px) 100vw, 800px\" \/><\/figure>\n<\/div><\/div>\n\n\n\n<div class=\"wp-block-column is-vertically-aligned-center is-layout-flow wp-block-column-is-layout-flow\" style=\"flex-basis:66.66%\">\n<p class=\"has-medium-font-size\"><strong>Acceso Remoto<\/strong> a la PBX desde cualquier lugar con conexi\u00f3n a Internet. Los agentes podr\u00e1n trabajar de forma remota con nuestras funciones, adem\u00e1s podr\u00e1n programar la derivaci\u00f3n de llamadas seg\u00fan sus necesidades.<\/p>\n<\/div>\n<\/div>\n\n\n\n<p><\/p>\n\n\n\n<div class=\"wp-block-columns is-layout-flex wp-container-core-columns-is-layout-9d6595d7 wp-block-columns-is-layout-flex\">\n<div class=\"wp-block-column is-layout-flow wp-block-column-is-layout-flow\" style=\"flex-basis:33.33%\"><div class=\"wp-block-image\">\n<figure class=\"aligncenter size-full is-resized\"><img decoding=\"async\" width=\"850\" height=\"800\" src=\"https:\/\/www.centralenlanube.com\/cloudpbx\/wp-content\/uploads\/2024\/04\/surround-recording-slide.png\" alt=\"\" class=\"wp-image-6532\" style=\"width:154px;height:auto\" srcset=\"https:\/\/www.centralenlanube.com\/cloudpbx\/wp-content\/uploads\/2024\/04\/surround-recording-slide.png 850w, https:\/\/www.centralenlanube.com\/cloudpbx\/wp-content\/uploads\/2024\/04\/surround-recording-slide-300x282.png 300w, https:\/\/www.centralenlanube.com\/cloudpbx\/wp-content\/uploads\/2024\/04\/surround-recording-slide-768x723.png 768w\" sizes=\"(max-width: 850px) 100vw, 850px\" \/><\/figure>\n<\/div><\/div>\n\n\n\n<div class=\"wp-block-column is-vertically-aligned-center is-layout-flow wp-block-column-is-layout-flow\" style=\"flex-basis:66.66%\">\n<p class=\"has-medium-font-size\"><strong>Grabador de llamadas<\/strong> para ser descargadas y con el cu\u00e1l obtendr\u00e1s un listado de llamadas entrantes y salientes y su estado, atendido \/ no atendido.<\/p>\n<\/div>\n<\/div>\n\n\n\n<p class=\"has-medium-font-size\">.<\/p>\n\n\n\n<p><\/p>\n\n\n\n<p><\/p>\n\n\n\n<h2 class=\"wp-block-heading has-large-font-size\">Conoce Nuestra Soluci\u00f3n de Contact Center<\/h2>\n\n\n\n<h2 class=\"wp-block-heading\"><\/h2>\n\n\n\n<p class=\"has-medium-font-size\">El Contact Center en la Nube de Cloud PBX ofrece una soluci\u00f3n moderna, flexible y eficiente para gestionar las interacciones con los clientes. Al aprovechar sus ventajas en t\u00e9rminos de flexibilidad, costos y acceso remoto, las empresas pueden mejorar significativamente la experiencia del cliente y mantenerse competitivas en un mercado en constante cambio. Con la planificaci\u00f3n adecuada y la elecci\u00f3n del proveedor correcto, el contact center en la nube puede convertirse en una herramienta poderosa para impulsar el \u00e9xito empresarial.<\/p>\n\n\n\n<p class=\"has-medium-font-size\">.<\/p>\n\n\n\n<p><\/p>\n\n\n\n<figure class=\"wp-block-embed is-type-video is-provider-youtube wp-block-embed-youtube wp-embed-aspect-16-9 wp-has-aspect-ratio\"><div class=\"wp-block-embed__wrapper\">\n<iframe title=\"Conoc\u00e9 el Panel de Agente de HiperMe! Contact Center\" width=\"1120\" height=\"630\" src=\"https:\/\/www.youtube.com\/embed\/T97Y9Ubpyb0?start=22&#038;feature=oembed\" frameborder=\"0\" allow=\"accelerometer; autoplay; clipboard-write; encrypted-media; gyroscope; picture-in-picture; web-share\" referrerpolicy=\"strict-origin-when-cross-origin\" allowfullscreen><\/iframe>\n<\/div><\/figure>\n\n\n\n<p>.<\/p>\n\n\n\n<p class=\"has-medium-font-size\"><strong>\u00a1Cont\u00e1ctanos y resolvamos todas tus dudas!<\/strong><\/p>\n","protected":false},"excerpt":{"rendered":"<p>Optimizando la Experiencia al Cliente Hoy en d\u00eda la experiencia del cliente es fundamental para el \u00e9xito empresarial, el contacto directo con los clientes se ha convertido en una prioridad para las organizaciones. Es por eso que Cloud PBX ofrece una Soluci\u00f3n de Contact Center en la Nube, que permite [&hellip;]<\/p>\n","protected":false},"author":1,"featured_media":7409,"parent":7086,"menu_order":0,"comment_status":"closed","ping_status":"closed","template":"","meta":{"footnotes":""},"class_list":["post-6503","page","type-page","status-publish","has-post-thumbnail","hentry"],"_links":{"self":[{"href":"https:\/\/www.centralenlanube.com\/cloudpbx\/wp-json\/wp\/v2\/pages\/6503","targetHints":{"allow":["GET"]}}],"collection":[{"href":"https:\/\/www.centralenlanube.com\/cloudpbx\/wp-json\/wp\/v2\/pages"}],"about":[{"href":"https:\/\/www.centralenlanube.com\/cloudpbx\/wp-json\/wp\/v2\/types\/page"}],"author":[{"embeddable":true,"href":"https:\/\/www.centralenlanube.com\/cloudpbx\/wp-json\/wp\/v2\/users\/1"}],"replies":[{"embeddable":true,"href":"https:\/\/www.centralenlanube.com\/cloudpbx\/wp-json\/wp\/v2\/comments?post=6503"}],"version-history":[{"count":75,"href":"https:\/\/www.centralenlanube.com\/cloudpbx\/wp-json\/wp\/v2\/pages\/6503\/revisions"}],"predecessor-version":[{"id":7410,"href":"https:\/\/www.centralenlanube.com\/cloudpbx\/wp-json\/wp\/v2\/pages\/6503\/revisions\/7410"}],"up":[{"embeddable":true,"href":"https:\/\/www.centralenlanube.com\/cloudpbx\/wp-json\/wp\/v2\/pages\/7086"}],"wp:featuredmedia":[{"embeddable":true,"href":"https:\/\/www.centralenlanube.com\/cloudpbx\/wp-json\/wp\/v2\/media\/7409"}],"wp:attachment":[{"href":"https:\/\/www.centralenlanube.com\/cloudpbx\/wp-json\/wp\/v2\/media?parent=6503"}],"curies":[{"name":"wp","href":"https:\/\/api.w.org\/{rel}","templated":true}]}}